{"id":143,"date":"2022-08-23T21:59:25","date_gmt":"2022-08-23T19:59:25","guid":{"rendered":"https:\/\/events-tent-concept.com\/?page_id=143"},"modified":"2025-03-19T15:39:32","modified_gmt":"2025-03-19T14:39:32","slug":"legal-notices","status":"publish","type":"page","link":"https:\/\/events-tent-concept.com\/en\/mentions-legales\/","title":{"rendered":"LEGAL NOTICES"},"content":{"rendered":"<h2 class=\"wp-block-heading\">EDITOR<\/h2>\n\n\n\n<p>EVENTS TENT CONCEPT<\/p>\n\n\n\n<p>Publishing Director: Alexandre Garaud<\/p>\n\n\n\n<h2 class=\"wp-block-heading\">SITE DESIGN&nbsp;<\/h2>\n\n\n\n<p>YourWebMaintenance.fr<br>62 rue du brandier<br>33170 Gradignan<br>clement@votremaintenanceweb.fr<br><a href=\"https:\/\/votremaintenanceweb.fr\" data-type=\"link\" data-id=\"https:\/\/votremaintenanceweb.fr\" rel=\"nofollow noopener\" target=\"_blank\">www.votremaintenanceweb.fr<\/a><\/p>\n\n\n\n<h2 class=\"wp-block-heading\">HOST:<\/h2>\n\n\n\n<p>This site is hosted by: MyPlanetHoster<\/p>\n\n\n\n<p>Head Office: 4416 Louis B. Mayer, Laval, Quebec H7P 0G1, Canada<\/p>\n\n\n\n<p>Telephone: FR (Toll-free number): 0 805 080 426<\/p>\n\n\n\n<p>Email address: HQ@godaddy.com<\/p>\n\n\n\n<p>Reporting abuse: The CLIENT can use the &quot;abuse\/complaint&quot; form on: <a href=\"https:\/\/www.planethoster.com\/fr\/Contact\" target=\"_blank\" rel=\"noreferrer noopener nofollow\">https:\/\/www.planethoster.com\/fr\/Contact<\/a>.<\/p>\n\n\n\n<p>PLANETHOSTER inc.<\/p>\n\n\n\n<h2 class=\"wp-block-heading\">SITE CONTENT<\/h2>\n\n\n\n<p>The information contained on this website is provided for informational purposes only and does not constitute any contractual commitment on the part of EVENTS TENT CONCEPT, which reserves the right to modify or correct it at any time without prior notice. Any inquiries regarding our services can be submitted to us via the website&#039;s contact form or any other means of communication.<\/p>\n\n\n\n<h2 class=\"wp-block-heading\">PERSONAL DATA<\/h2>\n\n\n\n<p>In accordance with French Law No. 78-17 of 6 January 1978 on Data Processing, Data Files and Individual Liberties, as amended by Law No. 2004-801 of 6 August 2004, all users have the right to access, modify, rectify and delete their personal data. They may also, for legitimate reasons, object to the processing of their personal data.<\/p>\n\n\n\n<p>If the user wishes to exercise this right and obtain access to information concerning them, they can inform us at contact@aas.net<\/p>\n\n\n\n<p>This website uses Google Analytics, a web analytics service provided by Google Inc. (&quot;Google&quot;). Google Analytics uses &quot;cookies,&quot; which are text files placed on your computer (by your web browser) to help the website analyze how users use the site. The information generated by the cookie about your use of the website will be transmitted to and stored by Google on servers in the United States. However, if IP anonymization is activated on this website, your IP address will be shortened by Google beforehand within Member States of the European Union or in other contracting states to the Agreement on the European Economic Area. Only in exceptional cases will the full IP address be transmitted to a Google server in the USA and shortened there. Google will use this information on behalf of the website operator for the purpose of analyzing your use of the website, compiling reports on website activity, and providing other services relating to website activity and internet usage. Google will not associate the IP address transmitted by your browser as part of Google Analytics with any other Google data. You can disable the installation and use of cookies by adjusting your internet browser settings; however, please note that this may prevent you from fully accessing all website functions. You can prevent the collection of personal data (including your IP address) generated by cookies and your use of the website, as well as the processing of this data by Google, by downloading and installing the browser plugin available at the following link: https:\/\/tools.google.com\/dlpage\/gaoptout<\/p>\n\n\n\n<p>You can find more information about Google Analytics&#039; Privacy Policy and Terms of Service here or in the About Google Analytics section. Please note that on this website, the Google Analytics code &quot;gat._anonymizeIp();&quot; has been added to ensure that IP addresses are collected anonymously (IP masking).<\/p>\n\n\n\n<h2 class=\"wp-block-heading\">INTELLECTUAL PROPERTY<\/h2>\n\n\n\n<p>All graphic, textual, and computer elements of this website are protected by the Intellectual Property Code. Any unauthorized reproduction or representation constitutes infringement and is punishable as such.<\/p>\n\n\n\n<p>These legal notices were drafted by LEXAN.<\/p>\n\n\n\n<h2 class=\"wp-block-heading\">PHOTO CREDITS<\/h2>\n\n\n\n<p><a href=\"https:\/\/www.kewin-connin-jackson.net\/\" rel=\"nofollow noopener\" target=\"_blank\">Kewin Connin Jackson <\/a>&nbsp;- <a href=\"https:\/\/www.sebastienbillant.fr\/\" rel=\"nofollow noopener\" target=\"_blank\">S\u00e9bastien Billant<\/a> \u2013 <a href=\"https:\/\/studio-marieb.com\/\" rel=\"nofollow noopener\" target=\"_blank\">Studio Marie B<\/a> \u2013 <a href=\"https:\/\/www.romainjacques.fr\/\" rel=\"nofollow noopener\" target=\"_blank\">Romain Jacques photography<\/a> \u2013 <a href=\"https:\/\/www.jeremyboyerphotography.com\/\" rel=\"nofollow noopener\" target=\"_blank\">Jeremy Boyer<\/a> \u2013 <a href=\"https:\/\/albandescampeaux.com\/\" rel=\"nofollow noopener\" target=\"_blank\">Alan Descampeaux Photographer<\/a> \u2013 <a href=\"https:\/\/www.larrosa-photographie.com\/\" rel=\"nofollow noopener\" target=\"_blank\">Paul Larossa <\/a>&nbsp;\u2013 <a href=\"https:\/\/charleneromain.com\/\" rel=\"nofollow noopener\" target=\"_blank\">Charlene and Romain<\/a> \u2013 <a href=\"https:\/\/maripili-photography.com\/\" rel=\"nofollow noopener\" target=\"_blank\">Maripily Photography<\/a> \u2013 <a href=\"https:\/\/anaislphotographie.com\/\" rel=\"nofollow noopener\" target=\"_blank\">Anais L Photography<\/a> \u2013 <a href=\"https:\/\/www.alexandraphotographedesamoureux.com\/\" rel=\"nofollow noopener\" target=\"_blank\">Alexandra, photographer of lovers<\/a> - <a href=\"https:\/\/www.sarahmiramon.com\/\" rel=\"nofollow noopener\" target=\"_blank\">Sarah Miramon<\/a> \u2013 <a href=\"https:\/\/www.devendeville.fr\/\" rel=\"nofollow noopener\" target=\"_blank\">Bertrand Devendeville<\/a> \u2013 <a href=\"https:\/\/estelleoffroy.com\/\" rel=\"nofollow noopener\" target=\"_blank\">Estelle Offroy<\/a> \u2013 <a href=\"https:\/\/elsacaza.com\/\" rel=\"nofollow noopener\" target=\"_blank\">Elsa Caza<\/a><\/p>","protected":false},"excerpt":{"rendered":"<p>\u00c9DITEUR EVENTS TENT CONCEPT Directeur de publication : Alexandre Garaud CONCEPTION DU SITE&nbsp; VotremaintenanceWeb.fr62 rue du brandier33170 Gradignanclement@votremaintenanceweb.frwww.votremaintenanceweb.fr H\u00c9BERGEUR : Ce site est h\u00e9berg\u00e9 par : MyPlanetHoster Si\u00e8ge principal 4416 Louis B. Mayer, Laval (Qu\u00e9bec) H7P 0G1, Canada T\u00e9l\u00e9phone : FR (N\u00ba Vert): 0 805 080 426 Adresse e-mail : HQ@godaddy.com Signaler un abus :\u00a0Le [&hellip;]<\/p>\n","protected":false},"author":1,"featured_media":0,"parent":0,"menu_order":0,"comment_status":"closed","ping_status":"closed","template":"","meta":{"footnotes":""},"class_list":["post-143","page","type-page","status-publish","hentry"],"_links":{"self":[{"href":"https:\/\/events-tent-concept.com\/en\/wp-json\/wp\/v2\/pages\/143","targetHints":{"allow":["GET"]}}],"collection":[{"href":"https:\/\/events-tent-concept.com\/en\/wp-json\/wp\/v2\/pages"}],"about":[{"href":"https:\/\/events-tent-concept.com\/en\/wp-json\/wp\/v2\/types\/page"}],"author":[{"embeddable":true,"href":"https:\/\/events-tent-concept.com\/en\/wp-json\/wp\/v2\/users\/1"}],"replies":[{"embeddable":true,"href":"https:\/\/events-tent-concept.com\/en\/wp-json\/wp\/v2\/comments?post=143"}],"version-history":[{"count":2,"href":"https:\/\/events-tent-concept.com\/en\/wp-json\/wp\/v2\/pages\/143\/revisions"}],"predecessor-version":[{"id":628,"href":"https:\/\/events-tent-concept.com\/en\/wp-json\/wp\/v2\/pages\/143\/revisions\/628"}],"wp:attachment":[{"href":"https:\/\/events-tent-concept.com\/en\/wp-json\/wp\/v2\/media?parent=143"}],"curies":[{"name":"wp","href":"https:\/\/api.w.org\/{rel}","templated":true}]}}